{"id":272,"date":"2026-03-18T09:03:40","date_gmt":"2026-03-18T09:03:40","guid":{"rendered":"https:\/\/topografiargd.deditec.dev\/?page_id=272"},"modified":"2026-04-06T15:51:09","modified_gmt":"2026-04-06T15:51:09","slug":"informes-periciales","status":"publish","type":"page","link":"https:\/\/topografiargd.deditec.dev\/informes-periciales\/","title":{"rendered":"Informes periciales"},"content":{"rendered":"\t\t<div data-elementor-type=\"wp-page\" data-elementor-id=\"272\" class=\"elementor elementor-272\" data-elementor-post-type=\"page\">\n\t\t\t\t<div class=\"elementor-element elementor-element-c8c0d9a e-con-full e-flex e-con e-child\" data-id=\"c8c0d9a\" data-element_type=\"container\" data-e-type=\"container\" data-settings=\"{&quot;background_background&quot;:&quot;classic&quot;,&quot;background_motion_fx_motion_fx_scrolling&quot;:&quot;yes&quot;,&quot;background_motion_fx_translateY_effect&quot;:&quot;yes&quot;,&quot;background_motion_fx_translateY_speed&quot;:{&quot;unit&quot;:&quot;px&quot;,&quot;size&quot;:&quot;1&quot;,&quot;sizes&quot;:[]},&quot;shape_divider_top&quot;:&quot;tilt&quot;,&quot;shape_divider_bottom&quot;:&quot;tilt&quot;,&quot;background_motion_fx_translateY_affectedRange&quot;:{&quot;unit&quot;:&quot;%&quot;,&quot;size&quot;:&quot;&quot;,&quot;sizes&quot;:{&quot;start&quot;:0,&quot;end&quot;:100}},&quot;background_motion_fx_devices&quot;:[&quot;desktop&quot;,&quot;tablet&quot;,&quot;mobile&quot;]}\">\n\t\t\t\t<div class=\"elementor-shape elementor-shape-top\" aria-hidden=\"true\" data-negative=\"false\">\n\t\t\t<svg xmlns=\"http:\/\/www.w3.org\/2000\/svg\" viewBox=\"0 0 1000 100\" preserveAspectRatio=\"none\">\n\t<path class=\"elementor-shape-fill\" d=\"M0,6V0h1000v100L0,6z\"\/>\n<\/svg>\t\t<\/div>\n\t\t\t\t<div class=\"elementor-shape elementor-shape-bottom\" aria-hidden=\"true\" data-negative=\"false\">\n\t\t\t<svg xmlns=\"http:\/\/www.w3.org\/2000\/svg\" viewBox=\"0 0 1000 100\" preserveAspectRatio=\"none\">\n\t<path class=\"elementor-shape-fill\" d=\"M0,6V0h1000v100L0,6z\"\/>\n<\/svg>\t\t<\/div>\n\t\t\t\t<div class=\"elementor-element elementor-element-34e071a elementor-absolute elementor-widget elementor-widget-image\" data-id=\"34e071a\" data-element_type=\"widget\" data-e-type=\"widget\" data-settings=\"{&quot;_position&quot;:&quot;absolute&quot;}\" data-widget_type=\"image.default\">\n\t\t\t\t\t\t\t\t\t\t\t\t\t\t\t<img fetchpriority=\"high\" decoding=\"async\" width=\"234\" height=\"260\" src=\"https:\/\/topografiargd.deditec.dev\/wp-content\/uploads\/2026\/02\/basketball4all_graphic3.png\" class=\"attachment-full size-full wp-image-97\" alt=\"\" \/>\t\t\t\t\t\t\t\t\t\t\t\t\t\t\t<\/div>\n\t\t\t\t<div class=\"elementor-element elementor-element-bf8e824 elementor-widget elementor-widget-heading\" data-id=\"bf8e824\" data-element_type=\"widget\" data-e-type=\"widget\" data-widget_type=\"heading.default\">\n\t\t\t\t\t<h1 class=\"elementor-heading-title elementor-size-default\">Informes periciales<\/h1>\t\t\t\t<\/div>\n\t\t\t\t<div class=\"elementor-element elementor-element-4dbee44 elementor-widget__width-auto elementor-absolute elementor-widget elementor-widget-image\" data-id=\"4dbee44\" data-element_type=\"widget\" data-e-type=\"widget\" data-settings=\"{&quot;_position&quot;:&quot;absolute&quot;}\" data-widget_type=\"image.default\">\n\t\t\t\t\t\t\t\t\t\t\t\t\t\t\t<img decoding=\"async\" width=\"418\" height=\"358\" src=\"https:\/\/topografiargd.deditec.dev\/wp-content\/uploads\/2026\/02\/basketball4all_graphic1.png\" class=\"attachment-large size-large wp-image-98\" alt=\"\" srcset=\"https:\/\/topografiargd.deditec.dev\/wp-content\/uploads\/2026\/02\/basketball4all_graphic1.png 418w, https:\/\/topografiargd.deditec.dev\/wp-content\/uploads\/2026\/02\/basketball4all_graphic1-300x257.png 300w\" sizes=\"(max-width: 418px) 100vw, 418px\" \/>\t\t\t\t\t\t\t\t\t\t\t\t\t\t\t<\/div>\n\t\t\t\t<\/div>\n\t\t<div class=\"elementor-element elementor-element-8e5093b e-flex e-con-boxed e-con e-parent\" data-id=\"8e5093b\" data-element_type=\"container\" data-e-type=\"container\">\n\t\t\t\t\t<div class=\"e-con-inner\">\n\t\t<div class=\"elementor-element elementor-element-3ba7825 e-con-full e-flex e-con e-child\" data-id=\"3ba7825\" data-element_type=\"container\" data-e-type=\"container\">\n\t\t<div class=\"elementor-element elementor-element-4bda41b e-con-full e-flex e-con e-child\" data-id=\"4bda41b\" data-element_type=\"container\" data-e-type=\"container\">\n\t\t\t\t<div class=\"elementor-element elementor-element-38f31e4 elementor-widget__width-auto elementor-absolute elementor-widget-mobile__width-initial elementor-widget-tablet__width-initial elementor-widget elementor-widget-image\" data-id=\"38f31e4\" data-element_type=\"widget\" data-e-type=\"widget\" data-settings=\"{&quot;_position&quot;:&quot;absolute&quot;}\" data-widget_type=\"image.default\">\n\t\t\t\t\t\t\t\t\t\t\t\t\t\t\t<img decoding=\"async\" width=\"136\" height=\"132\" src=\"https:\/\/topografiargd.deditec.dev\/wp-content\/uploads\/2026\/02\/post-grad-prep-program-graphic1.png\" class=\"attachment-large size-large wp-image-100\" alt=\"\" \/>\t\t\t\t\t\t\t\t\t\t\t\t\t\t\t<\/div>\n\t\t\t\t<div class=\"elementor-element elementor-element-498ae73 elementor-widget__width-auto elementor-absolute elementor-widget elementor-widget-image\" data-id=\"498ae73\" data-element_type=\"widget\" data-e-type=\"widget\" data-settings=\"{&quot;_position&quot;:&quot;absolute&quot;}\" data-widget_type=\"image.default\">\n\t\t\t\t\t\t\t\t\t\t\t\t\t\t\t<img loading=\"lazy\" decoding=\"async\" width=\"346\" height=\"274\" src=\"https:\/\/topografiargd.deditec.dev\/wp-content\/uploads\/2026\/02\/post-grad-prep-program-graphic2.png\" class=\"attachment-full size-full wp-image-101\" alt=\"\" srcset=\"https:\/\/topografiargd.deditec.dev\/wp-content\/uploads\/2026\/02\/post-grad-prep-program-graphic2.png 346w, https:\/\/topografiargd.deditec.dev\/wp-content\/uploads\/2026\/02\/post-grad-prep-program-graphic2-300x238.png 300w\" sizes=\"(max-width: 346px) 100vw, 346px\" \/>\t\t\t\t\t\t\t\t\t\t\t\t\t\t\t<\/div>\n\t\t\t\t<div class=\"elementor-element elementor-element-e5250e2 elementor-widget elementor-widget-image\" data-id=\"e5250e2\" data-element_type=\"widget\" data-e-type=\"widget\" data-widget_type=\"image.default\">\n\t\t\t\t\t\t\t\t\t\t\t\t\t\t\t<img loading=\"lazy\" decoding=\"async\" width=\"800\" height=\"395\" src=\"https:\/\/topografiargd.deditec.dev\/wp-content\/uploads\/2026\/02\/IMG_20190319_145718-1024x505.jpg\" class=\"attachment-large size-large wp-image-193\" alt=\"\" srcset=\"https:\/\/topografiargd.deditec.dev\/wp-content\/uploads\/2026\/02\/IMG_20190319_145718-1024x505.jpg 1024w, https:\/\/topografiargd.deditec.dev\/wp-content\/uploads\/2026\/02\/IMG_20190319_145718-300x148.jpg 300w, https:\/\/topografiargd.deditec.dev\/wp-content\/uploads\/2026\/02\/IMG_20190319_145718-768x379.jpg 768w, https:\/\/topografiargd.deditec.dev\/wp-content\/uploads\/2026\/02\/IMG_20190319_145718-1536x757.jpg 1536w, https:\/\/topografiargd.deditec.dev\/wp-content\/uploads\/2026\/02\/IMG_20190319_145718-2048x1010.jpg 2048w\" sizes=\"(max-width: 800px) 100vw, 800px\" \/>\t\t\t\t\t\t\t\t\t\t\t\t\t\t\t<\/div>\n\t\t\t\t<\/div>\n\t\t<div class=\"elementor-element elementor-element-8d3ed0d e-con-full e-flex e-con e-child\" data-id=\"8d3ed0d\" data-element_type=\"container\" data-e-type=\"container\">\n\t\t\t\t<div class=\"elementor-element elementor-element-8be5883 elementor-widget elementor-widget-heading\" data-id=\"8be5883\" data-element_type=\"widget\" data-e-type=\"widget\" data-widget_type=\"heading.default\">\n\t\t\t\t\t<h3 class=\"elementor-heading-title elementor-size-default\">Informes periciales<\/h3>\t\t\t\t<\/div>\n\t\t\t\t<div class=\"elementor-element elementor-element-3208476 elementor-widget-divider--view-line elementor-widget elementor-widget-divider\" data-id=\"3208476\" data-element_type=\"widget\" data-e-type=\"widget\" data-widget_type=\"divider.default\">\n\t\t\t\t\t\t\t<div class=\"elementor-divider\">\n\t\t\t<span class=\"elementor-divider-separator\">\n\t\t\t\t\t\t<\/span>\n\t\t<\/div>\n\t\t\t\t\t\t<\/div>\n\t\t\t\t<div class=\"elementor-element elementor-element-6cfd1d7 elementor-widget elementor-widget-text-editor\" data-id=\"6cfd1d7\" data-element_type=\"widget\" data-e-type=\"widget\" data-widget_type=\"text-editor.default\">\n\t\t\t\t\t\t\t\t\t<p class=\"text-muted-foreground leading-relaxed\">Elaboramos informes periciales en el \u00e1mbito de la topograf\u00eda, aportando an\u00e1lisis t\u00e9cnicos rigurosos y documentaci\u00f3n precisa para procedimientos judiciales o extrajudiciales. Garantizamos objetividad, claridad y respaldo profesional.<\/p>\t\t\t\t\t\t\t\t<\/div>\n\t\t\t\t<\/div>\n\t\t\t\t<\/div>\n\t\t\t\t\t<\/div>\n\t\t\t\t<\/div>\n\t\t<div class=\"elementor-element elementor-element-6dc90a3 e-flex e-con-boxed e-con e-parent\" data-id=\"6dc90a3\" data-element_type=\"container\" data-e-type=\"container\">\n\t\t\t\t\t<div class=\"e-con-inner\">\n\t\t\t\t<div class=\"elementor-element elementor-element-5724417 elementor-widget elementor-widget-spacer\" data-id=\"5724417\" data-element_type=\"widget\" data-e-type=\"widget\" data-widget_type=\"spacer.default\">\n\t\t\t\t\t\t\t<div class=\"elementor-spacer\">\n\t\t\t<div class=\"elementor-spacer-inner\"><\/div>\n\t\t<\/div>\n\t\t\t\t\t\t<\/div>\n\t\t\t\t\t<\/div>\n\t\t\t\t<\/div>\n\t\t\t\t<\/div>\n\t\t","protected":false},"excerpt":{"rendered":"<p>Informes periciales Informes periciales Elaboramos informes periciales en el \u00e1mbito de la topograf\u00eda, aportando an\u00e1lisis t\u00e9cnicos rigurosos y documentaci\u00f3n precisa para procedimientos judiciales o extrajudiciales. Garantizamos objetividad, claridad y respaldo profesional.<\/p>\n","protected":false},"author":1,"featured_media":0,"parent":0,"menu_order":0,"comment_status":"closed","ping_status":"closed","template":"","meta":{"footnotes":""},"class_list":["post-272","page","type-page","status-publish","hentry"],"_links":{"self":[{"href":"https:\/\/topografiargd.deditec.dev\/wp-json\/wp\/v2\/pages\/272","targetHints":{"allow":["GET"]}}],"collection":[{"href":"https:\/\/topografiargd.deditec.dev\/wp-json\/wp\/v2\/pages"}],"about":[{"href":"https:\/\/topografiargd.deditec.dev\/wp-json\/wp\/v2\/types\/page"}],"author":[{"embeddable":true,"href":"https:\/\/topografiargd.deditec.dev\/wp-json\/wp\/v2\/users\/1"}],"replies":[{"embeddable":true,"href":"https:\/\/topografiargd.deditec.dev\/wp-json\/wp\/v2\/comments?post=272"}],"version-history":[{"count":7,"href":"https:\/\/topografiargd.deditec.dev\/wp-json\/wp\/v2\/pages\/272\/revisions"}],"predecessor-version":[{"id":316,"href":"https:\/\/topografiargd.deditec.dev\/wp-json\/wp\/v2\/pages\/272\/revisions\/316"}],"wp:attachment":[{"href":"https:\/\/topografiargd.deditec.dev\/wp-json\/wp\/v2\/media?parent=272"}],"curies":[{"name":"wp","href":"https:\/\/api.w.org\/{rel}","templated":true}]}}