{"id":252,"date":"2026-03-18T08:55:22","date_gmt":"2026-03-18T08:55:22","guid":{"rendered":"https:\/\/topografiargd.deditec.dev\/?page_id=252"},"modified":"2026-04-08T10:35:28","modified_gmt":"2026-04-08T10:35:28","slug":"catastro-y-registro","status":"publish","type":"page","link":"https:\/\/topografiargd.deditec.dev\/catastro-y-registro\/","title":{"rendered":"Catastro y registro"},"content":{"rendered":"\t\t<div data-elementor-type=\"wp-page\" data-elementor-id=\"252\" class=\"elementor elementor-252\" data-elementor-post-type=\"page\">\n\t\t\t\t<div class=\"elementor-element elementor-element-c8c0d9a e-con-full e-flex e-con e-child\" data-id=\"c8c0d9a\" data-element_type=\"container\" data-e-type=\"container\" data-settings=\"{&quot;background_background&quot;:&quot;classic&quot;,&quot;background_motion_fx_motion_fx_scrolling&quot;:&quot;yes&quot;,&quot;background_motion_fx_translateY_effect&quot;:&quot;yes&quot;,&quot;background_motion_fx_translateY_speed&quot;:{&quot;unit&quot;:&quot;px&quot;,&quot;size&quot;:&quot;1&quot;,&quot;sizes&quot;:[]},&quot;shape_divider_top&quot;:&quot;tilt&quot;,&quot;shape_divider_bottom&quot;:&quot;tilt&quot;,&quot;background_motion_fx_translateY_affectedRange&quot;:{&quot;unit&quot;:&quot;%&quot;,&quot;size&quot;:&quot;&quot;,&quot;sizes&quot;:{&quot;start&quot;:0,&quot;end&quot;:100}},&quot;background_motion_fx_devices&quot;:[&quot;desktop&quot;,&quot;tablet&quot;,&quot;mobile&quot;]}\">\n\t\t\t\t<div class=\"elementor-shape elementor-shape-top\" aria-hidden=\"true\" data-negative=\"false\">\n\t\t\t<svg xmlns=\"http:\/\/www.w3.org\/2000\/svg\" viewBox=\"0 0 1000 100\" preserveAspectRatio=\"none\">\n\t<path class=\"elementor-shape-fill\" d=\"M0,6V0h1000v100L0,6z\"\/>\n<\/svg>\t\t<\/div>\n\t\t\t\t<div class=\"elementor-shape elementor-shape-bottom\" aria-hidden=\"true\" data-negative=\"false\">\n\t\t\t<svg xmlns=\"http:\/\/www.w3.org\/2000\/svg\" viewBox=\"0 0 1000 100\" preserveAspectRatio=\"none\">\n\t<path class=\"elementor-shape-fill\" d=\"M0,6V0h1000v100L0,6z\"\/>\n<\/svg>\t\t<\/div>\n\t\t\t\t<div class=\"elementor-element elementor-element-bf8e824 elementor-widget elementor-widget-heading\" data-id=\"bf8e824\" data-element_type=\"widget\" data-e-type=\"widget\" data-widget_type=\"heading.default\">\n\t\t\t\t\t<h1 class=\"elementor-heading-title elementor-size-default\">Catastro y registro<\/h1>\t\t\t\t<\/div>\n\t\t\t\t<\/div>\n\t\t<div class=\"elementor-element elementor-element-8e5093b e-flex e-con-boxed e-con e-parent\" data-id=\"8e5093b\" data-element_type=\"container\" data-e-type=\"container\">\n\t\t\t\t\t<div class=\"e-con-inner\">\n\t\t<div class=\"elementor-element elementor-element-3ba7825 e-con-full e-flex e-con e-child\" data-id=\"3ba7825\" data-element_type=\"container\" data-e-type=\"container\">\n\t\t<div class=\"elementor-element elementor-element-4bda41b e-con-full e-flex e-con e-child\" data-id=\"4bda41b\" data-element_type=\"container\" data-e-type=\"container\">\n\t\t\t\t<div class=\"elementor-element elementor-element-38f31e4 elementor-widget__width-auto elementor-absolute elementor-widget-mobile__width-initial elementor-widget-tablet__width-initial elementor-widget elementor-widget-image\" data-id=\"38f31e4\" data-element_type=\"widget\" data-e-type=\"widget\" data-settings=\"{&quot;_position&quot;:&quot;absolute&quot;}\" data-widget_type=\"image.default\">\n\t\t\t\t\t\t\t\t\t\t\t\t\t\t\t<img decoding=\"async\" width=\"136\" height=\"132\" src=\"https:\/\/topografiargd.deditec.dev\/wp-content\/uploads\/2026\/02\/post-grad-prep-program-graphic1.png\" class=\"attachment-large size-large wp-image-100\" alt=\"\" \/>\t\t\t\t\t\t\t\t\t\t\t\t\t\t\t<\/div>\n\t\t\t\t<div class=\"elementor-element elementor-element-6223da7 elementor-widget elementor-widget-image\" data-id=\"6223da7\" data-element_type=\"widget\" data-e-type=\"widget\" data-widget_type=\"image.default\">\n\t\t\t\t\t\t\t\t\t\t\t\t\t\t\t<img fetchpriority=\"high\" decoding=\"async\" width=\"505\" height=\"1024\" src=\"https:\/\/topografiargd.deditec.dev\/wp-content\/uploads\/2026\/04\/IMG_20190704_103906-505x1024.jpg\" class=\"attachment-large size-large wp-image-345\" alt=\"\" srcset=\"https:\/\/topografiargd.deditec.dev\/wp-content\/uploads\/2026\/04\/IMG_20190704_103906-505x1024.jpg 505w, https:\/\/topografiargd.deditec.dev\/wp-content\/uploads\/2026\/04\/IMG_20190704_103906-148x300.jpg 148w, https:\/\/topografiargd.deditec.dev\/wp-content\/uploads\/2026\/04\/IMG_20190704_103906-768x1558.jpg 768w, https:\/\/topografiargd.deditec.dev\/wp-content\/uploads\/2026\/04\/IMG_20190704_103906-757x1536.jpg 757w, https:\/\/topografiargd.deditec.dev\/wp-content\/uploads\/2026\/04\/IMG_20190704_103906-1010x2048.jpg 1010w, https:\/\/topografiargd.deditec.dev\/wp-content\/uploads\/2026\/04\/IMG_20190704_103906.jpg 1136w\" sizes=\"(max-width: 505px) 100vw, 505px\" \/>\t\t\t\t\t\t\t\t\t\t\t\t\t\t\t<\/div>\n\t\t\t\t<\/div>\n\t\t<div class=\"elementor-element elementor-element-8d3ed0d e-con-full e-flex e-con e-child\" data-id=\"8d3ed0d\" data-element_type=\"container\" data-e-type=\"container\">\n\t\t\t\t<div class=\"elementor-element elementor-element-8be5883 elementor-widget elementor-widget-heading\" data-id=\"8be5883\" data-element_type=\"widget\" data-e-type=\"widget\" data-widget_type=\"heading.default\">\n\t\t\t\t\t<h3 class=\"elementor-heading-title elementor-size-default\">Deslindes<\/h3>\t\t\t\t<\/div>\n\t\t\t\t<div class=\"elementor-element elementor-element-3208476 elementor-widget-divider--view-line elementor-widget elementor-widget-divider\" data-id=\"3208476\" data-element_type=\"widget\" data-e-type=\"widget\" data-widget_type=\"divider.default\">\n\t\t\t\t\t\t\t<div class=\"elementor-divider\">\n\t\t\t<span class=\"elementor-divider-separator\">\n\t\t\t\t\t\t<\/span>\n\t\t<\/div>\n\t\t\t\t\t\t<\/div>\n\t\t\t\t<div class=\"elementor-element elementor-element-6cfd1d7 elementor-widget elementor-widget-text-editor\" data-id=\"6cfd1d7\" data-element_type=\"widget\" data-e-type=\"widget\" data-widget_type=\"text-editor.default\">\n\t\t\t\t\t\t\t\t\t<p class=\"text-muted-foreground leading-relaxed\">Realizamos deslindes de fincas con precisi\u00f3n t\u00e9cnica, determinando y materializando sobre el terreno los l\u00edmites reales de la propiedad. Garantizamos seguridad jur\u00eddica y claridad en cualquier operaci\u00f3n, evitando conflictos y facilitando tr\u00e1mites con Catastro y Registro.<\/p>\t\t\t\t\t\t\t\t<\/div>\n\t\t\t\t<\/div>\n\t\t\t\t<\/div>\n\t\t<div class=\"elementor-element elementor-element-e89126b e-con-full e-flex e-con e-child\" data-id=\"e89126b\" data-element_type=\"container\" data-e-type=\"container\">\n\t\t<div class=\"elementor-element elementor-element-0d8aeb6 e-con-full e-flex e-con e-child\" data-id=\"0d8aeb6\" data-element_type=\"container\" data-e-type=\"container\">\n\t\t\t\t<div class=\"elementor-element elementor-element-969a2d2 elementor-widget elementor-widget-heading\" data-id=\"969a2d2\" data-element_type=\"widget\" data-e-type=\"widget\" data-widget_type=\"heading.default\">\n\t\t\t\t\t<h3 class=\"elementor-heading-title elementor-size-default\">Georreferenciaci\u00f3n<\/h3>\t\t\t\t<\/div>\n\t\t\t\t<div class=\"elementor-element elementor-element-474c3c5 elementor-widget-divider--view-line elementor-widget elementor-widget-divider\" data-id=\"474c3c5\" data-element_type=\"widget\" data-e-type=\"widget\" data-widget_type=\"divider.default\">\n\t\t\t\t\t\t\t<div class=\"elementor-divider\">\n\t\t\t<span class=\"elementor-divider-separator\">\n\t\t\t\t\t\t<\/span>\n\t\t<\/div>\n\t\t\t\t\t\t<\/div>\n\t\t\t\t<div class=\"elementor-element elementor-element-f3fe448 elementor-widget elementor-widget-text-editor\" data-id=\"f3fe448\" data-element_type=\"widget\" data-e-type=\"widget\" data-widget_type=\"text-editor.default\">\n\t\t\t\t\t\t\t\t\t<p class=\"text-muted-foreground leading-relaxed\">Realizamos georreferenciaci\u00f3n de parcelas y elementos mediante sistemas de coordenadas oficiales, garantizando la correcta ubicaci\u00f3n y correspondencia con Catastro y Registro. Aseguramos precisi\u00f3n y validez t\u00e9cnica en todos los trabajos.<\/p>\t\t\t\t\t\t\t\t<\/div>\n\t\t\t\t<\/div>\n\t\t<div class=\"elementor-element elementor-element-874226c e-con-full e-flex e-con e-child\" data-id=\"874226c\" data-element_type=\"container\" data-e-type=\"container\" data-settings=\"{&quot;background_background&quot;:&quot;classic&quot;}\">\n\t\t\t\t<div class=\"elementor-element elementor-element-ea2fdb9 elementor-widget__width-auto elementor-absolute elementor-widget-mobile__width-initial elementor-widget-tablet__width-initial elementor-widget elementor-widget-image\" data-id=\"ea2fdb9\" data-element_type=\"widget\" data-e-type=\"widget\" data-settings=\"{&quot;_position&quot;:&quot;absolute&quot;}\" data-widget_type=\"image.default\">\n\t\t\t\t\t\t\t\t\t\t\t\t\t\t\t<img decoding=\"async\" width=\"124\" height=\"122\" src=\"https:\/\/topografiargd.deditec.dev\/wp-content\/uploads\/2026\/02\/After-School-Program-graphic2.png\" class=\"attachment-large size-large wp-image-102\" alt=\"\" \/>\t\t\t\t\t\t\t\t\t\t\t\t\t\t\t<\/div>\n\t\t\t\t<div class=\"elementor-element elementor-element-27ebcb8 elementor-widget elementor-widget-image\" data-id=\"27ebcb8\" data-element_type=\"widget\" data-e-type=\"widget\" data-widget_type=\"image.default\">\n\t\t\t\t\t\t\t\t\t\t\t\t\t\t\t<img loading=\"lazy\" decoding=\"async\" width=\"768\" height=\"1024\" src=\"https:\/\/topografiargd.deditec.dev\/wp-content\/uploads\/2026\/04\/2014-01-14-12.29.13-768x1024.jpg\" class=\"attachment-large size-large wp-image-321\" alt=\"\" srcset=\"https:\/\/topografiargd.deditec.dev\/wp-content\/uploads\/2026\/04\/2014-01-14-12.29.13-768x1024.jpg 768w, https:\/\/topografiargd.deditec.dev\/wp-content\/uploads\/2026\/04\/2014-01-14-12.29.13-225x300.jpg 225w, https:\/\/topografiargd.deditec.dev\/wp-content\/uploads\/2026\/04\/2014-01-14-12.29.13-1152x1536.jpg 1152w, https:\/\/topografiargd.deditec.dev\/wp-content\/uploads\/2026\/04\/2014-01-14-12.29.13-1536x2048.jpg 1536w, https:\/\/topografiargd.deditec.dev\/wp-content\/uploads\/2026\/04\/2014-01-14-12.29.13.jpg 1920w\" sizes=\"(max-width: 768px) 100vw, 768px\" \/>\t\t\t\t\t\t\t\t\t\t\t\t\t\t\t<\/div>\n\t\t\t\t<div class=\"elementor-element elementor-element-9899557 elementor-widget__width-auto elementor-absolute elementor-widget-mobile__width-initial elementor-widget elementor-widget-image\" data-id=\"9899557\" data-element_type=\"widget\" data-e-type=\"widget\" data-settings=\"{&quot;_position&quot;:&quot;absolute&quot;}\" data-widget_type=\"image.default\">\n\t\t\t\t\t\t\t\t\t\t\t\t\t\t\t<img loading=\"lazy\" decoding=\"async\" width=\"216\" height=\"172\" src=\"https:\/\/topografiargd.deditec.dev\/wp-content\/uploads\/2026\/02\/After-School-Program-graphic1.png\" class=\"attachment-large size-large wp-image-103\" alt=\"\" \/>\t\t\t\t\t\t\t\t\t\t\t\t\t\t\t<\/div>\n\t\t\t\t<\/div>\n\t\t\t\t<\/div>\n\t\t<div class=\"elementor-element elementor-element-5bb9c31 e-con-full e-flex e-con e-child\" data-id=\"5bb9c31\" data-element_type=\"container\" data-e-type=\"container\">\n\t\t<div class=\"elementor-element elementor-element-b4f3442 e-con-full e-flex e-con e-child\" data-id=\"b4f3442\" data-element_type=\"container\" data-e-type=\"container\" data-settings=\"{&quot;background_background&quot;:&quot;classic&quot;}\">\n\t\t\t\t<div class=\"elementor-element elementor-element-0cfad7b elementor-widget elementor-widget-image\" data-id=\"0cfad7b\" data-element_type=\"widget\" data-e-type=\"widget\" data-widget_type=\"image.default\">\n\t\t\t\t\t\t\t\t\t\t\t\t\t\t\t<img loading=\"lazy\" decoding=\"async\" width=\"800\" height=\"828\" src=\"https:\/\/topografiargd.deditec.dev\/wp-content\/uploads\/2026\/02\/IMG-20151013-WA0011-989x1024.jpg\" class=\"attachment-large size-large wp-image-198\" alt=\"\" srcset=\"https:\/\/topografiargd.deditec.dev\/wp-content\/uploads\/2026\/02\/IMG-20151013-WA0011-989x1024.jpg 989w, https:\/\/topografiargd.deditec.dev\/wp-content\/uploads\/2026\/02\/IMG-20151013-WA0011-290x300.jpg 290w, https:\/\/topografiargd.deditec.dev\/wp-content\/uploads\/2026\/02\/IMG-20151013-WA0011-768x795.jpg 768w, https:\/\/topografiargd.deditec.dev\/wp-content\/uploads\/2026\/02\/IMG-20151013-WA0011.jpg 1198w\" sizes=\"(max-width: 800px) 100vw, 800px\" \/>\t\t\t\t\t\t\t\t\t\t\t\t\t\t\t<\/div>\n\t\t\t\t<div class=\"elementor-element elementor-element-375e47b elementor-widget__width-auto elementor-absolute elementor-widget-mobile__width-initial elementor-widget-tablet__width-initial elementor-widget elementor-widget-image\" data-id=\"375e47b\" data-element_type=\"widget\" data-e-type=\"widget\" data-settings=\"{&quot;_position&quot;:&quot;absolute&quot;}\" data-widget_type=\"image.default\">\n\t\t\t\t\t\t\t\t\t\t\t\t\t\t\t<img loading=\"lazy\" decoding=\"async\" width=\"124\" height=\"121\" src=\"https:\/\/topografiargd.deditec.dev\/wp-content\/uploads\/2026\/02\/private-group-graphic.png\" class=\"attachment-large size-large wp-image-104\" alt=\"\" \/>\t\t\t\t\t\t\t\t\t\t\t\t\t\t\t<\/div>\n\t\t\t\t<\/div>\n\t\t<div class=\"elementor-element elementor-element-b3c9188 e-con-full e-flex e-con e-child\" data-id=\"b3c9188\" data-element_type=\"container\" data-e-type=\"container\">\n\t\t\t\t<div class=\"elementor-element elementor-element-19f280c elementor-widget elementor-widget-heading\" data-id=\"19f280c\" data-element_type=\"widget\" data-e-type=\"widget\" data-widget_type=\"heading.default\">\n\t\t\t\t\t<h3 class=\"elementor-heading-title elementor-size-default\">Coordinaci\u00f3n Catastro \u2013 Registro<\/h3>\t\t\t\t<\/div>\n\t\t\t\t<div class=\"elementor-element elementor-element-a09223b elementor-widget-divider--view-line elementor-widget elementor-widget-divider\" data-id=\"a09223b\" data-element_type=\"widget\" data-e-type=\"widget\" data-widget_type=\"divider.default\">\n\t\t\t\t\t\t\t<div class=\"elementor-divider\">\n\t\t\t<span class=\"elementor-divider-separator\">\n\t\t\t\t\t\t<\/span>\n\t\t<\/div>\n\t\t\t\t\t\t<\/div>\n\t\t\t\t<div class=\"elementor-element elementor-element-12a5836 elementor-widget elementor-widget-text-editor\" data-id=\"12a5836\" data-element_type=\"widget\" data-e-type=\"widget\" data-widget_type=\"text-editor.default\">\n\t\t\t\t\t\t\t\t\t<p>Gestionamos la coordinaci\u00f3n entre Catastro y Registro de la Propiedad, asegurando que la informaci\u00f3n gr\u00e1fica y jur\u00eddica de los inmuebles coincida correctamente. Nos encargamos de todo el proceso para ofrecer seguridad y tranquilidad en cada operaci\u00f3n.<\/p>\t\t\t\t\t\t\t\t<\/div>\n\t\t\t\t<\/div>\n\t\t\t\t<\/div>\n\t\t<div class=\"elementor-element elementor-element-a6e4ef8 e-con-full e-flex e-con e-child\" data-id=\"a6e4ef8\" data-element_type=\"container\" data-e-type=\"container\">\n\t\t<div class=\"elementor-element elementor-element-a93389b e-con-full e-flex e-con e-child\" data-id=\"a93389b\" data-element_type=\"container\" data-e-type=\"container\">\n\t\t\t\t<div class=\"elementor-element elementor-element-98ce48a elementor-widget elementor-widget-heading\" data-id=\"98ce48a\" data-element_type=\"widget\" data-e-type=\"widget\" data-widget_type=\"heading.default\">\n\t\t\t\t\t<h3 class=\"elementor-heading-title elementor-size-default\">Subsanaci\u00f3n de discrepancias <\/h3>\t\t\t\t<\/div>\n\t\t\t\t<div class=\"elementor-element elementor-element-26f8236 elementor-widget-divider--view-line elementor-widget elementor-widget-divider\" data-id=\"26f8236\" data-element_type=\"widget\" data-e-type=\"widget\" data-widget_type=\"divider.default\">\n\t\t\t\t\t\t\t<div class=\"elementor-divider\">\n\t\t\t<span class=\"elementor-divider-separator\">\n\t\t\t\t\t\t<\/span>\n\t\t<\/div>\n\t\t\t\t\t\t<\/div>\n\t\t\t\t<div class=\"elementor-element elementor-element-de8f99a elementor-widget elementor-widget-text-editor\" data-id=\"de8f99a\" data-element_type=\"widget\" data-e-type=\"widget\" data-widget_type=\"text-editor.default\">\n\t\t\t\t\t\t\t\t\t<p class=\"text-muted-foreground leading-relaxed\">Detectamos y corregimos discrepancias entre la realidad f\u00edsica de los inmuebles y su informaci\u00f3n catastral o registral. Gestionamos todo el proceso t\u00e9cnico y administrativo para regularizar la situaci\u00f3n y garantizar la seguridad jur\u00eddica de la propiedad.<\/p>\t\t\t\t\t\t\t\t<\/div>\n\t\t\t\t<\/div>\n\t\t<div class=\"elementor-element elementor-element-e6aa6f5 e-con-full e-flex e-con e-child\" data-id=\"e6aa6f5\" data-element_type=\"container\" data-e-type=\"container\" data-settings=\"{&quot;background_background&quot;:&quot;classic&quot;}\">\n\t\t\t\t<div class=\"elementor-element elementor-element-4b29ae8 elementor-widget__width-auto elementor-absolute elementor-widget-mobile__width-initial elementor-widget-tablet__width-initial elementor-widget elementor-widget-image\" data-id=\"4b29ae8\" data-element_type=\"widget\" data-e-type=\"widget\" data-settings=\"{&quot;_position&quot;:&quot;absolute&quot;}\" data-widget_type=\"image.default\">\n\t\t\t\t\t\t\t\t\t\t\t\t\t\t\t<img decoding=\"async\" width=\"124\" height=\"122\" src=\"https:\/\/topografiargd.deditec.dev\/wp-content\/uploads\/2026\/02\/After-School-Program-graphic2.png\" class=\"attachment-large size-large wp-image-102\" alt=\"\" \/>\t\t\t\t\t\t\t\t\t\t\t\t\t\t\t<\/div>\n\t\t\t\t<div class=\"elementor-element elementor-element-a343c41 elementor-widget elementor-widget-image\" data-id=\"a343c41\" data-element_type=\"widget\" data-e-type=\"widget\" data-widget_type=\"image.default\">\n\t\t\t\t\t\t\t\t\t\t\t\t\t\t\t<img loading=\"lazy\" decoding=\"async\" width=\"505\" height=\"1024\" src=\"https:\/\/topografiargd.deditec.dev\/wp-content\/uploads\/2026\/04\/IMG_20190712_102220-505x1024.jpg\" class=\"attachment-large size-large wp-image-349\" alt=\"\" srcset=\"https:\/\/topografiargd.deditec.dev\/wp-content\/uploads\/2026\/04\/IMG_20190712_102220-505x1024.jpg 505w, https:\/\/topografiargd.deditec.dev\/wp-content\/uploads\/2026\/04\/IMG_20190712_102220-148x300.jpg 148w, https:\/\/topografiargd.deditec.dev\/wp-content\/uploads\/2026\/04\/IMG_20190712_102220-768x1558.jpg 768w, https:\/\/topografiargd.deditec.dev\/wp-content\/uploads\/2026\/04\/IMG_20190712_102220-757x1536.jpg 757w, https:\/\/topografiargd.deditec.dev\/wp-content\/uploads\/2026\/04\/IMG_20190712_102220-1010x2048.jpg 1010w, https:\/\/topografiargd.deditec.dev\/wp-content\/uploads\/2026\/04\/IMG_20190712_102220-scaled.jpg 1262w\" sizes=\"(max-width: 505px) 100vw, 505px\" \/>\t\t\t\t\t\t\t\t\t\t\t\t\t\t\t<\/div>\n\t\t\t\t<\/div>\n\t\t\t\t<\/div>\n\t\t<div class=\"elementor-element elementor-element-12dd028 e-con-full e-flex e-con e-child\" data-id=\"12dd028\" data-element_type=\"container\" data-e-type=\"container\">\n\t\t<div class=\"elementor-element elementor-element-31110d0 e-con-full e-flex e-con e-child\" data-id=\"31110d0\" data-element_type=\"container\" data-e-type=\"container\" data-settings=\"{&quot;background_background&quot;:&quot;classic&quot;}\">\n\t\t\t\t<div class=\"elementor-element elementor-element-286cc13 elementor-widget elementor-widget-image\" data-id=\"286cc13\" data-element_type=\"widget\" data-e-type=\"widget\" data-widget_type=\"image.default\">\n\t\t\t\t\t\t\t\t\t\t\t\t\t\t\t<img loading=\"lazy\" decoding=\"async\" width=\"800\" height=\"600\" src=\"https:\/\/topografiargd.deditec.dev\/wp-content\/uploads\/2026\/04\/IMG_0316-1024x768.jpg\" class=\"attachment-large size-large wp-image-337\" alt=\"\" srcset=\"https:\/\/topografiargd.deditec.dev\/wp-content\/uploads\/2026\/04\/IMG_0316-1024x768.jpg 1024w, https:\/\/topografiargd.deditec.dev\/wp-content\/uploads\/2026\/04\/IMG_0316-300x225.jpg 300w, https:\/\/topografiargd.deditec.dev\/wp-content\/uploads\/2026\/04\/IMG_0316-768x576.jpg 768w, https:\/\/topografiargd.deditec.dev\/wp-content\/uploads\/2026\/04\/IMG_0316-1536x1152.jpg 1536w, https:\/\/topografiargd.deditec.dev\/wp-content\/uploads\/2026\/04\/IMG_0316-2048x1536.jpg 2048w\" sizes=\"(max-width: 800px) 100vw, 800px\" \/>\t\t\t\t\t\t\t\t\t\t\t\t\t\t\t<\/div>\n\t\t\t\t<\/div>\n\t\t<div class=\"elementor-element elementor-element-c26d263 e-con-full e-flex e-con e-child\" data-id=\"c26d263\" data-element_type=\"container\" data-e-type=\"container\">\n\t\t\t\t<div class=\"elementor-element elementor-element-8883249 elementor-widget elementor-widget-heading\" data-id=\"8883249\" data-element_type=\"widget\" data-e-type=\"widget\" data-widget_type=\"heading.default\">\n\t\t\t\t\t<h3 class=\"elementor-heading-title elementor-size-default\">Levantamientos topogr\u00e1ficos en parcelas r\u00fasticas y urbanas<\/h3>\t\t\t\t<\/div>\n\t\t\t\t<div class=\"elementor-element elementor-element-08a3757 elementor-widget-divider--view-line elementor-widget elementor-widget-divider\" data-id=\"08a3757\" data-element_type=\"widget\" data-e-type=\"widget\" data-widget_type=\"divider.default\">\n\t\t\t\t\t\t\t<div class=\"elementor-divider\">\n\t\t\t<span class=\"elementor-divider-separator\">\n\t\t\t\t\t\t<\/span>\n\t\t<\/div>\n\t\t\t\t\t\t<\/div>\n\t\t\t\t<div class=\"elementor-element elementor-element-e34eb15 elementor-widget elementor-widget-text-editor\" data-id=\"e34eb15\" data-element_type=\"widget\" data-e-type=\"widget\" data-widget_type=\"text-editor.default\">\n\t\t\t\t\t\t\t\t\t<p data-start=\"135\" data-end=\"384\">Realizamos levantamientos topogr\u00e1ficos en todo tipo de parcelas, tanto r\u00fasticas como urbanas, obteniendo una representaci\u00f3n precisa del terreno. Proporcionamos informaci\u00f3n fiable para proyectos de obra, segregaciones, mediciones y tr\u00e1mites t\u00e9cnicos.<\/p>\t\t\t\t\t\t\t\t<\/div>\n\t\t\t\t<\/div>\n\t\t\t\t<\/div>\n\t\t<div class=\"elementor-element elementor-element-6aec974 e-con-full e-flex e-con e-child\" data-id=\"6aec974\" data-element_type=\"container\" data-e-type=\"container\">\n\t\t<div class=\"elementor-element elementor-element-839a484 e-con-full e-flex e-con e-child\" data-id=\"839a484\" data-element_type=\"container\" data-e-type=\"container\">\n\t\t\t\t<div class=\"elementor-element elementor-element-8e11196 elementor-widget elementor-widget-heading\" data-id=\"8e11196\" data-element_type=\"widget\" data-e-type=\"widget\" data-widget_type=\"heading.default\">\n\t\t\t\t\t<h3 class=\"elementor-heading-title elementor-size-default\">Certificados de antig\u00fcedad<\/h3>\t\t\t\t<\/div>\n\t\t\t\t<div class=\"elementor-element elementor-element-b7dbf4d elementor-widget-divider--view-line elementor-widget elementor-widget-divider\" data-id=\"b7dbf4d\" data-element_type=\"widget\" data-e-type=\"widget\" data-widget_type=\"divider.default\">\n\t\t\t\t\t\t\t<div class=\"elementor-divider\">\n\t\t\t<span class=\"elementor-divider-separator\">\n\t\t\t\t\t\t<\/span>\n\t\t<\/div>\n\t\t\t\t\t\t<\/div>\n\t\t\t\t<div class=\"elementor-element elementor-element-6b7b967 elementor-widget elementor-widget-text-editor\" data-id=\"6b7b967\" data-element_type=\"widget\" data-e-type=\"widget\" data-widget_type=\"text-editor.default\">\n\t\t\t\t\t\t\t\t\t<p class=\"text-muted-foreground leading-relaxed\">Emitimos certificados de antig\u00fcedad de edificaciones, acreditando su existencia en una fecha determinada conforme a la normativa vigente. Este documento es fundamental para regularizaciones, tr\u00e1mites urban\u00edsticos y operaciones registrales.<\/p>\t\t\t\t\t\t\t\t<\/div>\n\t\t\t\t<\/div>\n\t\t<div class=\"elementor-element elementor-element-7c09c69 e-con-full e-flex e-con e-child\" data-id=\"7c09c69\" data-element_type=\"container\" data-e-type=\"container\" data-settings=\"{&quot;background_background&quot;:&quot;classic&quot;}\">\n\t\t\t\t<div class=\"elementor-element elementor-element-e7a5ccb elementor-widget__width-auto elementor-absolute elementor-widget-mobile__width-initial elementor-widget-tablet__width-initial elementor-widget elementor-widget-image\" data-id=\"e7a5ccb\" data-element_type=\"widget\" data-e-type=\"widget\" data-settings=\"{&quot;_position&quot;:&quot;absolute&quot;}\" data-widget_type=\"image.default\">\n\t\t\t\t\t\t\t\t\t\t\t\t\t\t\t<img decoding=\"async\" width=\"124\" height=\"122\" src=\"https:\/\/topografiargd.deditec.dev\/wp-content\/uploads\/2026\/02\/After-School-Program-graphic2.png\" class=\"attachment-large size-large wp-image-102\" alt=\"\" \/>\t\t\t\t\t\t\t\t\t\t\t\t\t\t\t<\/div>\n\t\t\t\t<div class=\"elementor-element elementor-element-0d0b9f3 elementor-widget elementor-widget-image\" data-id=\"0d0b9f3\" data-element_type=\"widget\" data-e-type=\"widget\" data-widget_type=\"image.default\">\n\t\t\t\t\t\t\t\t\t\t\t\t\t\t\t<img loading=\"lazy\" decoding=\"async\" width=\"800\" height=\"450\" src=\"https:\/\/topografiargd.deditec.dev\/wp-content\/uploads\/2026\/02\/20150317_142452.jpg\" class=\"attachment-large size-large wp-image-206\" alt=\"\" srcset=\"https:\/\/topografiargd.deditec.dev\/wp-content\/uploads\/2026\/02\/20150317_142452.jpg 1024w, https:\/\/topografiargd.deditec.dev\/wp-content\/uploads\/2026\/02\/20150317_142452-300x169.jpg 300w, https:\/\/topografiargd.deditec.dev\/wp-content\/uploads\/2026\/02\/20150317_142452-768x432.jpg 768w\" sizes=\"(max-width: 800px) 100vw, 800px\" \/>\t\t\t\t\t\t\t\t\t\t\t\t\t\t\t<\/div>\n\t\t\t\t<div class=\"elementor-element elementor-element-44b99bc elementor-widget__width-auto elementor-absolute elementor-widget-mobile__width-initial elementor-widget elementor-widget-image\" data-id=\"44b99bc\" data-element_type=\"widget\" data-e-type=\"widget\" data-settings=\"{&quot;_position&quot;:&quot;absolute&quot;}\" data-widget_type=\"image.default\">\n\t\t\t\t\t\t\t\t\t\t\t\t\t\t\t<img loading=\"lazy\" decoding=\"async\" width=\"216\" height=\"172\" src=\"https:\/\/topografiargd.deditec.dev\/wp-content\/uploads\/2026\/02\/After-School-Program-graphic1.png\" class=\"attachment-large size-large wp-image-103\" alt=\"\" \/>\t\t\t\t\t\t\t\t\t\t\t\t\t\t\t<\/div>\n\t\t\t\t<\/div>\n\t\t\t\t<\/div>\n\t\t\t\t\t<\/div>\n\t\t\t\t<\/div>\n\t\t\t\t<\/div>\n\t\t","protected":false},"excerpt":{"rendered":"<p>Catastro y registro Deslindes Realizamos deslindes de fincas con precisi\u00f3n t\u00e9cnica, determinando y materializando sobre el terreno los l\u00edmites reales de la propiedad. Garantizamos seguridad jur\u00eddica y claridad en cualquier operaci\u00f3n, evitando conflictos y facilitando tr\u00e1mites con Catastro y Registro. Georreferenciaci\u00f3n Realizamos georreferenciaci\u00f3n de parcelas y elementos mediante sistemas de coordenadas oficiales, garantizando la correcta [&hellip;]<\/p>\n","protected":false},"author":1,"featured_media":0,"parent":0,"menu_order":0,"comment_status":"closed","ping_status":"closed","template":"","meta":{"footnotes":""},"class_list":["post-252","page","type-page","status-publish","hentry"],"_links":{"self":[{"href":"https:\/\/topografiargd.deditec.dev\/wp-json\/wp\/v2\/pages\/252","targetHints":{"allow":["GET"]}}],"collection":[{"href":"https:\/\/topografiargd.deditec.dev\/wp-json\/wp\/v2\/pages"}],"about":[{"href":"https:\/\/topografiargd.deditec.dev\/wp-json\/wp\/v2\/types\/page"}],"author":[{"embeddable":true,"href":"https:\/\/topografiargd.deditec.dev\/wp-json\/wp\/v2\/users\/1"}],"replies":[{"embeddable":true,"href":"https:\/\/topografiargd.deditec.dev\/wp-json\/wp\/v2\/comments?post=252"}],"version-history":[{"count":37,"href":"https:\/\/topografiargd.deditec.dev\/wp-json\/wp\/v2\/pages\/252\/revisions"}],"predecessor-version":[{"id":392,"href":"https:\/\/topografiargd.deditec.dev\/wp-json\/wp\/v2\/pages\/252\/revisions\/392"}],"wp:attachment":[{"href":"https:\/\/topografiargd.deditec.dev\/wp-json\/wp\/v2\/media?parent=252"}],"curies":[{"name":"wp","href":"https:\/\/api.w.org\/{rel}","templated":true}]}}