{"id":239,"date":"2026-03-18T08:48:45","date_gmt":"2026-03-18T08:48:45","guid":{"rendered":"https:\/\/topografiargd.deditec.dev\/?page_id=239"},"modified":"2026-04-08T10:35:21","modified_gmt":"2026-04-08T10:35:21","slug":"topografia","status":"publish","type":"page","link":"https:\/\/topografiargd.deditec.dev\/topografia\/","title":{"rendered":"Topograf\u00eda"},"content":{"rendered":"\t\t<div data-elementor-type=\"wp-page\" data-elementor-id=\"239\" class=\"elementor elementor-239\" data-elementor-post-type=\"page\">\n\t\t\t\t<div class=\"elementor-element elementor-element-c8c0d9a e-con-full e-flex e-con e-child\" data-id=\"c8c0d9a\" data-element_type=\"container\" data-e-type=\"container\" data-settings=\"{&quot;background_background&quot;:&quot;classic&quot;,&quot;background_motion_fx_motion_fx_scrolling&quot;:&quot;yes&quot;,&quot;background_motion_fx_translateY_effect&quot;:&quot;yes&quot;,&quot;background_motion_fx_translateY_speed&quot;:{&quot;unit&quot;:&quot;px&quot;,&quot;size&quot;:&quot;1&quot;,&quot;sizes&quot;:[]},&quot;shape_divider_top&quot;:&quot;tilt&quot;,&quot;shape_divider_bottom&quot;:&quot;tilt&quot;,&quot;background_motion_fx_translateY_affectedRange&quot;:{&quot;unit&quot;:&quot;%&quot;,&quot;size&quot;:&quot;&quot;,&quot;sizes&quot;:{&quot;start&quot;:0,&quot;end&quot;:100}},&quot;background_motion_fx_devices&quot;:[&quot;desktop&quot;,&quot;tablet&quot;,&quot;mobile&quot;]}\">\n\t\t\t\t<div class=\"elementor-shape elementor-shape-top\" aria-hidden=\"true\" data-negative=\"false\">\n\t\t\t<svg xmlns=\"http:\/\/www.w3.org\/2000\/svg\" viewBox=\"0 0 1000 100\" preserveAspectRatio=\"none\">\n\t<path class=\"elementor-shape-fill\" d=\"M0,6V0h1000v100L0,6z\"\/>\n<\/svg>\t\t<\/div>\n\t\t\t\t<div class=\"elementor-shape elementor-shape-bottom\" aria-hidden=\"true\" data-negative=\"false\">\n\t\t\t<svg xmlns=\"http:\/\/www.w3.org\/2000\/svg\" viewBox=\"0 0 1000 100\" preserveAspectRatio=\"none\">\n\t<path class=\"elementor-shape-fill\" d=\"M0,6V0h1000v100L0,6z\"\/>\n<\/svg>\t\t<\/div>\n\t\t\t\t<div class=\"elementor-element elementor-element-bf8e824 elementor-widget elementor-widget-heading\" data-id=\"bf8e824\" data-element_type=\"widget\" data-e-type=\"widget\" data-widget_type=\"heading.default\">\n\t\t\t\t\t<h1 class=\"elementor-heading-title elementor-size-default\">Topograf\u00eda<\/h1>\t\t\t\t<\/div>\n\t\t\t\t<\/div>\n\t\t<div class=\"elementor-element elementor-element-8e5093b e-flex e-con-boxed e-con e-parent\" data-id=\"8e5093b\" data-element_type=\"container\" data-e-type=\"container\">\n\t\t\t\t\t<div class=\"e-con-inner\">\n\t\t<div class=\"elementor-element elementor-element-3ba7825 e-con-full e-flex e-con e-child\" data-id=\"3ba7825\" data-element_type=\"container\" data-e-type=\"container\">\n\t\t<div class=\"elementor-element elementor-element-4bda41b e-con-full e-flex e-con e-child\" data-id=\"4bda41b\" data-element_type=\"container\" data-e-type=\"container\">\n\t\t\t\t<div class=\"elementor-element elementor-element-38f31e4 elementor-widget__width-auto elementor-absolute elementor-widget-mobile__width-initial elementor-widget-tablet__width-initial elementor-widget elementor-widget-image\" data-id=\"38f31e4\" data-element_type=\"widget\" data-e-type=\"widget\" data-settings=\"{&quot;_position&quot;:&quot;absolute&quot;}\" data-widget_type=\"image.default\">\n\t\t\t\t\t\t\t\t\t\t\t\t\t\t\t<img decoding=\"async\" width=\"136\" height=\"132\" src=\"https:\/\/topografiargd.deditec.dev\/wp-content\/uploads\/2026\/02\/post-grad-prep-program-graphic1.png\" class=\"attachment-large size-large wp-image-100\" alt=\"\" \/>\t\t\t\t\t\t\t\t\t\t\t\t\t\t\t<\/div>\n\t\t\t\t<div class=\"elementor-element elementor-element-498ae73 elementor-widget__width-auto elementor-absolute elementor-widget elementor-widget-image\" data-id=\"498ae73\" data-element_type=\"widget\" data-e-type=\"widget\" data-settings=\"{&quot;_position&quot;:&quot;absolute&quot;}\" data-widget_type=\"image.default\">\n\t\t\t\t\t\t\t\t\t\t\t\t\t\t\t<img fetchpriority=\"high\" decoding=\"async\" width=\"346\" height=\"274\" src=\"https:\/\/topografiargd.deditec.dev\/wp-content\/uploads\/2026\/02\/post-grad-prep-program-graphic2.png\" class=\"attachment-full size-full wp-image-101\" alt=\"\" srcset=\"https:\/\/topografiargd.deditec.dev\/wp-content\/uploads\/2026\/02\/post-grad-prep-program-graphic2.png 346w, https:\/\/topografiargd.deditec.dev\/wp-content\/uploads\/2026\/02\/post-grad-prep-program-graphic2-300x238.png 300w\" sizes=\"(max-width: 346px) 100vw, 346px\" \/>\t\t\t\t\t\t\t\t\t\t\t\t\t\t\t<\/div>\n\t\t\t\t<div class=\"elementor-element elementor-element-e3f2ae2 elementor-widget elementor-widget-image\" data-id=\"e3f2ae2\" data-element_type=\"widget\" data-e-type=\"widget\" data-widget_type=\"image.default\">\n\t\t\t\t\t\t\t\t\t\t\t\t\t\t\t<img decoding=\"async\" width=\"576\" height=\"1024\" src=\"https:\/\/topografiargd.deditec.dev\/wp-content\/uploads\/2026\/04\/20141116_125526-576x1024.jpg\" class=\"attachment-large size-large wp-image-325\" alt=\"\" srcset=\"https:\/\/topografiargd.deditec.dev\/wp-content\/uploads\/2026\/04\/20141116_125526-576x1024.jpg 576w, https:\/\/topografiargd.deditec.dev\/wp-content\/uploads\/2026\/04\/20141116_125526-169x300.jpg 169w, https:\/\/topografiargd.deditec.dev\/wp-content\/uploads\/2026\/04\/20141116_125526-768x1365.jpg 768w, https:\/\/topografiargd.deditec.dev\/wp-content\/uploads\/2026\/04\/20141116_125526-864x1536.jpg 864w, https:\/\/topografiargd.deditec.dev\/wp-content\/uploads\/2026\/04\/20141116_125526-1152x2048.jpg 1152w, https:\/\/topografiargd.deditec.dev\/wp-content\/uploads\/2026\/04\/20141116_125526-scaled.jpg 1440w\" sizes=\"(max-width: 576px) 100vw, 576px\" \/>\t\t\t\t\t\t\t\t\t\t\t\t\t\t\t<\/div>\n\t\t\t\t<\/div>\n\t\t<div class=\"elementor-element elementor-element-8d3ed0d e-con-full e-flex e-con e-child\" data-id=\"8d3ed0d\" data-element_type=\"container\" data-e-type=\"container\">\n\t\t\t\t<div class=\"elementor-element elementor-element-8be5883 elementor-widget elementor-widget-heading\" data-id=\"8be5883\" data-element_type=\"widget\" data-e-type=\"widget\" data-widget_type=\"heading.default\">\n\t\t\t\t\t<h3 class=\"elementor-heading-title elementor-size-default\">Levantamientos\n<\/h3>\t\t\t\t<\/div>\n\t\t\t\t<div class=\"elementor-element elementor-element-3208476 elementor-widget-divider--view-line elementor-widget elementor-widget-divider\" data-id=\"3208476\" data-element_type=\"widget\" data-e-type=\"widget\" data-widget_type=\"divider.default\">\n\t\t\t\t\t\t\t<div class=\"elementor-divider\">\n\t\t\t<span class=\"elementor-divider-separator\">\n\t\t\t\t\t\t<\/span>\n\t\t<\/div>\n\t\t\t\t\t\t<\/div>\n\t\t\t\t<div class=\"elementor-element elementor-element-6cfd1d7 elementor-widget elementor-widget-text-editor\" data-id=\"6cfd1d7\" data-element_type=\"widget\" data-e-type=\"widget\" data-widget_type=\"text-editor.default\">\n\t\t\t\t\t\t\t\t\t<p class=\"text-muted-foreground leading-relaxed\">Realizamos levantamientos topogr\u00e1ficos precisos para todo tipo de proyectos, ofreciendo una base fiable para obras, parcelaciones, mediciones y estudios t\u00e9cnicos. Trabajamos con tecnolog\u00eda actual y una metodolog\u00eda rigurosa para garantizar resultados exactos, adaptados a las necesidades de empresas, administraciones p\u00fablicas y particulares.<\/p>\t\t\t\t\t\t\t\t<\/div>\n\t\t\t\t<\/div>\n\t\t\t\t<\/div>\n\t\t<div class=\"elementor-element elementor-element-e89126b e-con-full e-flex e-con e-child\" data-id=\"e89126b\" data-element_type=\"container\" data-e-type=\"container\">\n\t\t<div class=\"elementor-element elementor-element-0d8aeb6 e-con-full e-flex e-con e-child\" data-id=\"0d8aeb6\" data-element_type=\"container\" data-e-type=\"container\">\n\t\t\t\t<div class=\"elementor-element elementor-element-969a2d2 elementor-widget elementor-widget-heading\" data-id=\"969a2d2\" data-element_type=\"widget\" data-e-type=\"widget\" data-widget_type=\"heading.default\">\n\t\t\t\t\t<h3 class=\"elementor-heading-title elementor-size-default\">Parcelaciones y deslindes\n<\/h3>\t\t\t\t<\/div>\n\t\t\t\t<div class=\"elementor-element elementor-element-474c3c5 elementor-widget-divider--view-line elementor-widget elementor-widget-divider\" data-id=\"474c3c5\" data-element_type=\"widget\" data-e-type=\"widget\" data-widget_type=\"divider.default\">\n\t\t\t\t\t\t\t<div class=\"elementor-divider\">\n\t\t\t<span class=\"elementor-divider-separator\">\n\t\t\t\t\t\t<\/span>\n\t\t<\/div>\n\t\t\t\t\t\t<\/div>\n\t\t\t\t<div class=\"elementor-element elementor-element-f3fe448 elementor-widget elementor-widget-text-editor\" data-id=\"f3fe448\" data-element_type=\"widget\" data-e-type=\"widget\" data-widget_type=\"text-editor.default\">\n\t\t\t\t\t\t\t\t\t<p class=\"text-muted-foreground leading-relaxed\">Realizamos trabajos de parcelaci\u00f3n y deslinde con precisi\u00f3n t\u00e9cnica y respaldo legal, definiendo correctamente los l\u00edmites de las fincas y garantizando seguridad en cualquier operaci\u00f3n. Nos encargamos de todo el proceso, desde la medici\u00f3n sobre el terreno hasta la documentaci\u00f3n necesaria para Catastro y Registro.<\/p>\t\t\t\t\t\t\t\t<\/div>\n\t\t\t\t<\/div>\n\t\t<div class=\"elementor-element elementor-element-874226c e-con-full e-flex e-con e-child\" data-id=\"874226c\" data-element_type=\"container\" data-e-type=\"container\" data-settings=\"{&quot;background_background&quot;:&quot;classic&quot;}\">\n\t\t\t\t<div class=\"elementor-element elementor-element-ea2fdb9 elementor-widget__width-auto elementor-absolute elementor-widget-mobile__width-initial elementor-widget-tablet__width-initial elementor-widget elementor-widget-image\" data-id=\"ea2fdb9\" data-element_type=\"widget\" data-e-type=\"widget\" data-settings=\"{&quot;_position&quot;:&quot;absolute&quot;}\" data-widget_type=\"image.default\">\n\t\t\t\t\t\t\t\t\t\t\t\t\t\t\t<img loading=\"lazy\" decoding=\"async\" width=\"124\" height=\"122\" src=\"https:\/\/topografiargd.deditec.dev\/wp-content\/uploads\/2026\/02\/After-School-Program-graphic2.png\" class=\"attachment-large size-large wp-image-102\" alt=\"\" \/>\t\t\t\t\t\t\t\t\t\t\t\t\t\t\t<\/div>\n\t\t\t\t<div class=\"elementor-element elementor-element-c4ea8eb elementor-widget elementor-widget-image\" data-id=\"c4ea8eb\" data-element_type=\"widget\" data-e-type=\"widget\" data-widget_type=\"image.default\">\n\t\t\t\t\t\t\t\t\t\t\t\t\t\t\t<img loading=\"lazy\" decoding=\"async\" width=\"800\" height=\"450\" src=\"https:\/\/topografiargd.deditec.dev\/wp-content\/uploads\/2026\/04\/20150317_142452.jpg\" class=\"attachment-large size-large wp-image-329\" alt=\"\" srcset=\"https:\/\/topografiargd.deditec.dev\/wp-content\/uploads\/2026\/04\/20150317_142452.jpg 1024w, https:\/\/topografiargd.deditec.dev\/wp-content\/uploads\/2026\/04\/20150317_142452-300x169.jpg 300w, https:\/\/topografiargd.deditec.dev\/wp-content\/uploads\/2026\/04\/20150317_142452-768x432.jpg 768w\" sizes=\"(max-width: 800px) 100vw, 800px\" \/>\t\t\t\t\t\t\t\t\t\t\t\t\t\t\t<\/div>\n\t\t\t\t<div class=\"elementor-element elementor-element-9899557 elementor-widget__width-auto elementor-absolute elementor-widget-mobile__width-initial elementor-widget elementor-widget-image\" data-id=\"9899557\" data-element_type=\"widget\" data-e-type=\"widget\" data-settings=\"{&quot;_position&quot;:&quot;absolute&quot;}\" data-widget_type=\"image.default\">\n\t\t\t\t\t\t\t\t\t\t\t\t\t\t\t<img loading=\"lazy\" decoding=\"async\" width=\"216\" height=\"172\" src=\"https:\/\/topografiargd.deditec.dev\/wp-content\/uploads\/2026\/02\/After-School-Program-graphic1.png\" class=\"attachment-large size-large wp-image-103\" alt=\"\" \/>\t\t\t\t\t\t\t\t\t\t\t\t\t\t\t<\/div>\n\t\t\t\t<\/div>\n\t\t\t\t<\/div>\n\t\t<div class=\"elementor-element elementor-element-5bb9c31 e-con-full e-flex e-con e-child\" data-id=\"5bb9c31\" data-element_type=\"container\" data-e-type=\"container\">\n\t\t<div class=\"elementor-element elementor-element-b4f3442 e-con-full e-flex e-con e-child\" data-id=\"b4f3442\" data-element_type=\"container\" data-e-type=\"container\" data-settings=\"{&quot;background_background&quot;:&quot;classic&quot;}\">\n\t\t\t\t<div class=\"elementor-element elementor-element-0cfad7b elementor-widget elementor-widget-image\" data-id=\"0cfad7b\" data-element_type=\"widget\" data-e-type=\"widget\" data-widget_type=\"image.default\">\n\t\t\t\t\t\t\t\t\t\t\t\t\t\t\t<img loading=\"lazy\" decoding=\"async\" width=\"800\" height=\"828\" src=\"https:\/\/topografiargd.deditec.dev\/wp-content\/uploads\/2026\/02\/IMG-20151013-WA0011-989x1024.jpg\" class=\"attachment-large size-large wp-image-198\" alt=\"\" srcset=\"https:\/\/topografiargd.deditec.dev\/wp-content\/uploads\/2026\/02\/IMG-20151013-WA0011-989x1024.jpg 989w, https:\/\/topografiargd.deditec.dev\/wp-content\/uploads\/2026\/02\/IMG-20151013-WA0011-290x300.jpg 290w, https:\/\/topografiargd.deditec.dev\/wp-content\/uploads\/2026\/02\/IMG-20151013-WA0011-768x795.jpg 768w, https:\/\/topografiargd.deditec.dev\/wp-content\/uploads\/2026\/02\/IMG-20151013-WA0011.jpg 1198w\" sizes=\"(max-width: 800px) 100vw, 800px\" \/>\t\t\t\t\t\t\t\t\t\t\t\t\t\t\t<\/div>\n\t\t\t\t<div class=\"elementor-element elementor-element-375e47b elementor-widget__width-auto elementor-absolute elementor-widget-mobile__width-initial elementor-widget-tablet__width-initial elementor-widget elementor-widget-image\" data-id=\"375e47b\" data-element_type=\"widget\" data-e-type=\"widget\" data-settings=\"{&quot;_position&quot;:&quot;absolute&quot;}\" data-widget_type=\"image.default\">\n\t\t\t\t\t\t\t\t\t\t\t\t\t\t\t<img loading=\"lazy\" decoding=\"async\" width=\"124\" height=\"121\" src=\"https:\/\/topografiargd.deditec.dev\/wp-content\/uploads\/2026\/02\/private-group-graphic.png\" class=\"attachment-large size-large wp-image-104\" alt=\"\" \/>\t\t\t\t\t\t\t\t\t\t\t\t\t\t\t<\/div>\n\t\t\t\t<\/div>\n\t\t<div class=\"elementor-element elementor-element-b3c9188 e-con-full e-flex e-con e-child\" data-id=\"b3c9188\" data-element_type=\"container\" data-e-type=\"container\">\n\t\t\t\t<div class=\"elementor-element elementor-element-19f280c elementor-widget elementor-widget-heading\" data-id=\"19f280c\" data-element_type=\"widget\" data-e-type=\"widget\" data-widget_type=\"heading.default\">\n\t\t\t\t\t<h3 class=\"elementor-heading-title elementor-size-default\">Movimientos<\/h3>\t\t\t\t<\/div>\n\t\t\t\t<div class=\"elementor-element elementor-element-a09223b elementor-widget-divider--view-line elementor-widget elementor-widget-divider\" data-id=\"a09223b\" data-element_type=\"widget\" data-e-type=\"widget\" data-widget_type=\"divider.default\">\n\t\t\t\t\t\t\t<div class=\"elementor-divider\">\n\t\t\t<span class=\"elementor-divider-separator\">\n\t\t\t\t\t\t<\/span>\n\t\t<\/div>\n\t\t\t\t\t\t<\/div>\n\t\t\t\t<div class=\"elementor-element elementor-element-12a5836 elementor-widget elementor-widget-text-editor\" data-id=\"12a5836\" data-element_type=\"widget\" data-e-type=\"widget\" data-widget_type=\"text-editor.default\">\n\t\t\t\t\t\t\t\t\t<p>Ofrecemos servicios de control y seguimiento de movimientos de tierra mediante t\u00e9cnicas topogr\u00e1ficas avanzadas. Calculamos vol\u00famenes de desmonte y terrapl\u00e9n, controlamos niveles y verificamos la correcta ejecuci\u00f3n del proyecto en cada fase de obra.<\/p>\t\t\t\t\t\t\t\t<\/div>\n\t\t\t\t<\/div>\n\t\t\t\t<\/div>\n\t\t<div class=\"elementor-element elementor-element-576ee69 e-con-full e-flex e-con e-child\" data-id=\"576ee69\" data-element_type=\"container\" data-e-type=\"container\">\n\t\t<div class=\"elementor-element elementor-element-7e4b917 e-con-full e-flex e-con e-child\" data-id=\"7e4b917\" data-element_type=\"container\" data-e-type=\"container\">\n\t\t\t\t<div class=\"elementor-element elementor-element-df78977 elementor-widget elementor-widget-heading\" data-id=\"df78977\" data-element_type=\"widget\" data-e-type=\"widget\" data-widget_type=\"heading.default\">\n\t\t\t\t\t<h3 class=\"elementor-heading-title elementor-size-default\">Control Cartogr\u00e1fico\n<\/h3>\t\t\t\t<\/div>\n\t\t\t\t<div class=\"elementor-element elementor-element-8a2e11d elementor-widget-divider--view-line elementor-widget elementor-widget-divider\" data-id=\"8a2e11d\" data-element_type=\"widget\" data-e-type=\"widget\" data-widget_type=\"divider.default\">\n\t\t\t\t\t\t\t<div class=\"elementor-divider\">\n\t\t\t<span class=\"elementor-divider-separator\">\n\t\t\t\t\t\t<\/span>\n\t\t<\/div>\n\t\t\t\t\t\t<\/div>\n\t\t\t\t<div class=\"elementor-element elementor-element-62f864a elementor-widget elementor-widget-text-editor\" data-id=\"62f864a\" data-element_type=\"widget\" data-e-type=\"widget\" data-widget_type=\"text-editor.default\">\n\t\t\t\t\t\t\t\t\t<p class=\"text-muted-foreground leading-relaxed\">Realizamos control cartogr\u00e1fico preciso para garantizar la correcta representaci\u00f3n del territorio en planos y documentos t\u00e9cnicos. Verificamos la coherencia entre la realidad f\u00edsica y la informaci\u00f3n cartogr\u00e1fica, asegurando la calidad de los datos en cada proyecto.<\/p>\t\t\t\t\t\t\t\t<\/div>\n\t\t\t\t<\/div>\n\t\t<div class=\"elementor-element elementor-element-51524ca e-con-full e-flex e-con e-child\" data-id=\"51524ca\" data-element_type=\"container\" data-e-type=\"container\" data-settings=\"{&quot;background_background&quot;:&quot;classic&quot;}\">\n\t\t\t\t<div class=\"elementor-element elementor-element-01e205a elementor-widget__width-auto elementor-absolute elementor-widget-mobile__width-initial elementor-widget-tablet__width-initial elementor-widget elementor-widget-image\" data-id=\"01e205a\" data-element_type=\"widget\" data-e-type=\"widget\" data-settings=\"{&quot;_position&quot;:&quot;absolute&quot;}\" data-widget_type=\"image.default\">\n\t\t\t\t\t\t\t\t\t\t\t\t\t\t\t<img loading=\"lazy\" decoding=\"async\" width=\"124\" height=\"122\" src=\"https:\/\/topografiargd.deditec.dev\/wp-content\/uploads\/2026\/02\/After-School-Program-graphic2.png\" class=\"attachment-large size-large wp-image-102\" alt=\"\" \/>\t\t\t\t\t\t\t\t\t\t\t\t\t\t\t<\/div>\n\t\t\t\t<div class=\"elementor-element elementor-element-c2fd115 elementor-widget elementor-widget-image\" data-id=\"c2fd115\" data-element_type=\"widget\" data-e-type=\"widget\" data-widget_type=\"image.default\">\n\t\t\t\t\t\t\t\t\t\t\t\t\t\t\t<img loading=\"lazy\" decoding=\"async\" width=\"768\" height=\"1024\" src=\"https:\/\/topografiargd.deditec.dev\/wp-content\/uploads\/2026\/04\/Imagen007-768x1024.jpg\" class=\"attachment-large size-large wp-image-333\" alt=\"\" srcset=\"https:\/\/topografiargd.deditec.dev\/wp-content\/uploads\/2026\/04\/Imagen007-768x1024.jpg 768w, https:\/\/topografiargd.deditec.dev\/wp-content\/uploads\/2026\/04\/Imagen007-225x300.jpg 225w, https:\/\/topografiargd.deditec.dev\/wp-content\/uploads\/2026\/04\/Imagen007-1152x1536.jpg 1152w, https:\/\/topografiargd.deditec.dev\/wp-content\/uploads\/2026\/04\/Imagen007.jpg 1200w\" sizes=\"(max-width: 768px) 100vw, 768px\" \/>\t\t\t\t\t\t\t\t\t\t\t\t\t\t\t<\/div>\n\t\t\t\t<div class=\"elementor-element elementor-element-9c905c8 elementor-widget__width-auto elementor-absolute elementor-widget-mobile__width-initial elementor-widget elementor-widget-image\" data-id=\"9c905c8\" data-element_type=\"widget\" data-e-type=\"widget\" data-settings=\"{&quot;_position&quot;:&quot;absolute&quot;}\" data-widget_type=\"image.default\">\n\t\t\t\t\t\t\t\t\t\t\t\t\t\t\t<img loading=\"lazy\" decoding=\"async\" width=\"216\" height=\"172\" src=\"https:\/\/topografiargd.deditec.dev\/wp-content\/uploads\/2026\/02\/After-School-Program-graphic1.png\" class=\"attachment-large size-large wp-image-103\" alt=\"\" \/>\t\t\t\t\t\t\t\t\t\t\t\t\t\t\t<\/div>\n\t\t\t\t<\/div>\n\t\t\t\t<\/div>\n\t\t<div class=\"elementor-element elementor-element-12dd028 e-con-full e-flex e-con e-child\" data-id=\"12dd028\" data-element_type=\"container\" data-e-type=\"container\">\n\t\t<div class=\"elementor-element elementor-element-31110d0 e-con-full e-flex e-con e-child\" data-id=\"31110d0\" data-element_type=\"container\" data-e-type=\"container\" data-settings=\"{&quot;background_background&quot;:&quot;classic&quot;}\">\n\t\t\t\t<div class=\"elementor-element elementor-element-c4ef7a5 elementor-widget elementor-widget-image\" data-id=\"c4ef7a5\" data-element_type=\"widget\" data-e-type=\"widget\" data-widget_type=\"image.default\">\n\t\t\t\t\t\t\t\t\t\t\t\t\t\t\t<img loading=\"lazy\" decoding=\"async\" width=\"768\" height=\"1024\" src=\"https:\/\/topografiargd.deditec.dev\/wp-content\/uploads\/2026\/04\/IMG20220411100152-768x1024.jpg\" class=\"attachment-large size-large wp-image-341\" alt=\"\" srcset=\"https:\/\/topografiargd.deditec.dev\/wp-content\/uploads\/2026\/04\/IMG20220411100152-768x1024.jpg 768w, https:\/\/topografiargd.deditec.dev\/wp-content\/uploads\/2026\/04\/IMG20220411100152-225x300.jpg 225w, https:\/\/topografiargd.deditec.dev\/wp-content\/uploads\/2026\/04\/IMG20220411100152-1152x1536.jpg 1152w, https:\/\/topografiargd.deditec.dev\/wp-content\/uploads\/2026\/04\/IMG20220411100152-1536x2048.jpg 1536w, https:\/\/topografiargd.deditec.dev\/wp-content\/uploads\/2026\/04\/IMG20220411100152-scaled.jpg 1920w\" sizes=\"(max-width: 768px) 100vw, 768px\" \/>\t\t\t\t\t\t\t\t\t\t\t\t\t\t\t<\/div>\n\t\t\t\t<div class=\"elementor-element elementor-element-eb8fe15 elementor-widget__width-auto elementor-absolute elementor-widget-mobile__width-initial elementor-widget-tablet__width-initial elementor-widget elementor-widget-image\" data-id=\"eb8fe15\" data-element_type=\"widget\" data-e-type=\"widget\" data-settings=\"{&quot;_position&quot;:&quot;absolute&quot;}\" data-widget_type=\"image.default\">\n\t\t\t\t\t\t\t\t\t\t\t\t\t\t\t<img loading=\"lazy\" decoding=\"async\" width=\"124\" height=\"121\" src=\"https:\/\/topografiargd.deditec.dev\/wp-content\/uploads\/2026\/02\/private-group-graphic.png\" class=\"attachment-large size-large wp-image-104\" alt=\"\" \/>\t\t\t\t\t\t\t\t\t\t\t\t\t\t\t<\/div>\n\t\t\t\t<\/div>\n\t\t<div class=\"elementor-element elementor-element-c26d263 e-con-full e-flex e-con e-child\" data-id=\"c26d263\" data-element_type=\"container\" data-e-type=\"container\">\n\t\t\t\t<div class=\"elementor-element elementor-element-8883249 elementor-widget elementor-widget-heading\" data-id=\"8883249\" data-element_type=\"widget\" data-e-type=\"widget\" data-widget_type=\"heading.default\">\n\t\t\t\t\t<h3 class=\"elementor-heading-title elementor-size-default\">C\u00e1lculo de movimiento de tierras<\/h3>\t\t\t\t<\/div>\n\t\t\t\t<div class=\"elementor-element elementor-element-08a3757 elementor-widget-divider--view-line elementor-widget elementor-widget-divider\" data-id=\"08a3757\" data-element_type=\"widget\" data-e-type=\"widget\" data-widget_type=\"divider.default\">\n\t\t\t\t\t\t\t<div class=\"elementor-divider\">\n\t\t\t<span class=\"elementor-divider-separator\">\n\t\t\t\t\t\t<\/span>\n\t\t<\/div>\n\t\t\t\t\t\t<\/div>\n\t\t\t\t<div class=\"elementor-element elementor-element-e34eb15 elementor-widget elementor-widget-text-editor\" data-id=\"e34eb15\" data-element_type=\"widget\" data-e-type=\"widget\" data-widget_type=\"text-editor.default\">\n\t\t\t\t\t\t\t\t\t<p data-start=\"132\" data-end=\"381\">Realizamos el c\u00e1lculo preciso de vol\u00famenes de desmonte y terrapl\u00e9n, proporcionando informaci\u00f3n clave para la planificaci\u00f3n y ejecuci\u00f3n de obras. Optimizamos recursos, reducimos costes y garantizamos una correcta gesti\u00f3n del terreno en cada proyecto.<\/p>\t\t\t\t\t\t\t\t<\/div>\n\t\t\t\t<\/div>\n\t\t\t\t<\/div>\n\t\t\t\t\t<\/div>\n\t\t\t\t<\/div>\n\t\t\t\t<\/div>\n\t\t","protected":false},"excerpt":{"rendered":"<p>Topograf\u00eda Levantamientos Realizamos levantamientos topogr\u00e1ficos precisos para todo tipo de proyectos, ofreciendo una base fiable para obras, parcelaciones, mediciones y estudios t\u00e9cnicos. Trabajamos con tecnolog\u00eda actual y una metodolog\u00eda rigurosa para garantizar resultados exactos, adaptados a las necesidades de empresas, administraciones p\u00fablicas y particulares. Parcelaciones y deslindes Realizamos trabajos de parcelaci\u00f3n y deslinde con precisi\u00f3n [&hellip;]<\/p>\n","protected":false},"author":1,"featured_media":0,"parent":0,"menu_order":0,"comment_status":"closed","ping_status":"closed","template":"","meta":{"footnotes":""},"class_list":["post-239","page","type-page","status-publish","hentry"],"_links":{"self":[{"href":"https:\/\/topografiargd.deditec.dev\/wp-json\/wp\/v2\/pages\/239","targetHints":{"allow":["GET"]}}],"collection":[{"href":"https:\/\/topografiargd.deditec.dev\/wp-json\/wp\/v2\/pages"}],"about":[{"href":"https:\/\/topografiargd.deditec.dev\/wp-json\/wp\/v2\/types\/page"}],"author":[{"embeddable":true,"href":"https:\/\/topografiargd.deditec.dev\/wp-json\/wp\/v2\/users\/1"}],"replies":[{"embeddable":true,"href":"https:\/\/topografiargd.deditec.dev\/wp-json\/wp\/v2\/comments?post=239"}],"version-history":[{"count":40,"href":"https:\/\/topografiargd.deditec.dev\/wp-json\/wp\/v2\/pages\/239\/revisions"}],"predecessor-version":[{"id":389,"href":"https:\/\/topografiargd.deditec.dev\/wp-json\/wp\/v2\/pages\/239\/revisions\/389"}],"wp:attachment":[{"href":"https:\/\/topografiargd.deditec.dev\/wp-json\/wp\/v2\/media?parent=239"}],"curies":[{"name":"wp","href":"https:\/\/api.w.org\/{rel}","templated":true}]}}